{"id":17787,"date":"2024-04-22T11:47:38","date_gmt":"2024-04-22T09:47:38","guid":{"rendered":"https:\/\/lifescience-factory.com\/?page_id=17787"},"modified":"2025-05-07T11:43:48","modified_gmt":"2025-05-07T09:43:48","slug":"newsletter","status":"publish","type":"page","link":"https:\/\/lifescience-factory.com\/en\/newsletter\/","title":{"rendered":"newsletter"},"content":{"rendered":"\n<div class=\"module-intro-background\">\n  <svg enable-background=\"new 0 0 2000 1950\" viewBox=\"0 0 2000 1950\" xmlns=\"http:\/\/www.w3.org\/2000\/svg\" class=\"grid-svg\">\n    <style type=\"text\/css\">\n      .st0 {\n        fill: none;\n        stroke: #E6007E;\n      }\n\n      .st1 {\n        fill: none;\n        stroke: #E6007E;\n      }\n\n      .st2 {\n        fill: none;\n        stroke: #E6007E;\n      }\n    <\/style>\n    <g>\n      <line id=\"line-39\" class=\"st0\" x1=\"1900\" y1=\"-0.0000067\" x2=\"1900\" y2=\"1950\"><\/line>\n      <line id=\"line-38\" class=\"st0\" x1=\"1950\" y1=\"-0.0000067\" x2=\"1950\" y2=\"1950\"><\/line>\n      <line id=\"line-37\" class=\"st0\" x1=\"1850\" y1=\"-0.0000067\" x2=\"1850\" y2=\"1950\"><\/line>\n      <line id=\"line-36\" class=\"st0\" x1=\"1800\" y1=\"-0.0000067\" x2=\"1800\" y2=\"1950\"><\/line>\n      <line id=\"line-35\" class=\"st0\" x1=\"1750\" y1=\"-0.0000067\" x2=\"1750\" y2=\"1950\"><\/line>\n      <line id=\"line-34\" class=\"st0\" x1=\"1700\" y1=\"-0.0000067\" x2=\"1700\" y2=\"1950\"><\/line>\n      <line id=\"line-33\" class=\"st0\" x1=\"1650\" y1=\"-0.0000067\" x2=\"1650\" y2=\"1950\"><\/line>\n      <line id=\"line-32\" class=\"st0\" x1=\"1600\" y1=\"-0.0000067\" x2=\"1600\" y2=\"1950\"><\/line>\n      <line id=\"line-31\" class=\"st0\" x1=\"1550\" y1=\"-0.0000067\" x2=\"1550\" y2=\"1950\"><\/line>\n      <line id=\"line-30\" class=\"st0\" x1=\"1500\" y1=\"-0.0000067\" x2=\"1500\" y2=\"1950\"><\/line>\n      <line id=\"line-29\" class=\"st0\" x1=\"1450\" y1=\"-0.0000067\" x2=\"1450\" y2=\"1950\"><\/line>\n      <line id=\"line-28\" class=\"st0\" x1=\"1400\" y1=\"-0.0000067\" x2=\"1400\" y2=\"1950\"><\/line>\n      <line id=\"line-27\" class=\"st0\" x1=\"1350\" y1=\"-0.0000067\" x2=\"1350\" y2=\"1950\"><\/line>\n      <line id=\"line-26\" class=\"st0\" x1=\"1300\" y1=\"-0.0000067\" x2=\"1300\" y2=\"1950\"><\/line>\n      <line id=\"line-25\" class=\"st0\" x1=\"1250\" y1=\"-0.0000067\" x2=\"1250\" y2=\"1950\"><\/line>\n      <line id=\"line-24\" class=\"st0\" x1=\"1200\" y1=\"-0.0000067\" x2=\"1200\" y2=\"1950\"><\/line>\n      <line id=\"line-23\" class=\"st0\" x1=\"1150\" y1=\"-0.0000067\" x2=\"1150\" y2=\"1950\"><\/line>\n      <line id=\"line-22\" class=\"st0\" x1=\"1100\" y1=\"-0.0000067\" x2=\"1100\" y2=\"1950\"><\/line>\n      <line id=\"line-21\" class=\"st0\" x1=\"1050\" y1=\"-0.0000067\" x2=\"1050\" y2=\"1950\"><\/line>\n      <line id=\"line-20\" class=\"st0\" x1=\"1000\" y1=\"-0.0000067\" x2=\"1000\" y2=\"1950\"><\/line>\n      <line id=\"line-19\" class=\"st0\" x1=\"950\" y1=\"-0.0000067\" x2=\"950\" y2=\"1950\"><\/line>\n      <line id=\"line-18\" class=\"st0\" x1=\"900\" y1=\"-0.0000067\" x2=\"900\" y2=\"1950\"><\/line>\n      <line id=\"line-17\" class=\"st0\" x1=\"850\" y1=\"-0.0000067\" x2=\"850\" y2=\"1950\"><\/line>\n      <line id=\"line-16\" class=\"st0\" x1=\"800\" y1=\"-0.0000067\" x2=\"800\" y2=\"1950\"><\/line>\n      <line id=\"line-15\" class=\"st0\" x1=\"750\" y1=\"-0.0000067\" x2=\"750\" y2=\"1950\"><\/line>\n      <line id=\"line-14\" class=\"st0\" x1=\"700\" y1=\"-0.0000067\" x2=\"700\" y2=\"1950\"><\/line>\n      <line id=\"line-13\" class=\"st0\" x1=\"650\" y1=\"-0.0000067\" x2=\"650\" y2=\"1950\"><\/line>\n      <line id=\"line-12\" class=\"st0\" x1=\"600\" y1=\"-0.0000067\" x2=\"600\" y2=\"1950\"><\/line>\n      <line id=\"line-11\" class=\"st0\" x1=\"550\" y1=\"-0.0000067\" x2=\"550\" y2=\"1950\"><\/line>\n      <line id=\"line-10\" class=\"st0\" x1=\"500\" y1=\"-0.0000067\" x2=\"500\" y2=\"1950\"><\/line>\n      <line id=\"line-09\" class=\"st0\" x1=\"450\" y1=\"-0.0000067\" x2=\"450\" y2=\"1950\"><\/line>\n      <line id=\"line-08\" class=\"st0\" x1=\"400\" y1=\"28.899992\" x2=\"400\" y2=\"1950\"><\/line>\n      <line id=\"line-07\" class=\"st0\" x1=\"350\" y1=\"57.6999931\" x2=\"350\" y2=\"1950\"><\/line>\n      <line id=\"line-06\" class=\"st0\" x1=\"300\" y1=\"86.5999908\" x2=\"300\" y2=\"1950\"><\/line>\n      <line id=\"line-05\" class=\"st0\" x1=\"250\" y1=\"115.4999924\" x2=\"250\" y2=\"1950\"><\/line>\n      <line id=\"line-04\" class=\"st0\" x1=\"200\" y1=\"144.3000031\" x2=\"200\" y2=\"1950\"><\/line>\n      <line id=\"line-03\" class=\"st0\" x1=\"150\" y1=\"173.1999969\" x2=\"150\" y2=\"1950\"><\/line>\n      <line id=\"line-02\" class=\"st0\" x1=\"100\" y1=\"202.1000061\" x2=\"100\" y2=\"1950\"><\/line>\n      <line id=\"line-01\" class=\"st0\" x1=\"50\" y1=\"230.8999939\" x2=\"50\" y2=\"1950\"><\/line>\n    <\/g>\n    <g class=\"st1\">\n      <line class=\"st2\" x1=\"0\" y1=\"1818.6999512\" x2=\"2000\" y2=\"664\"><\/line>\n      <line class=\"st2\" x1=\"0\" y1=\"1760.9000244\" x2=\"2000\" y2=\"606.2000122\"><\/line>\n      <line class=\"st2\" x1=\"0\" y1=\"1703.1999512\" x2=\"2000\" y2=\"548.5\"><\/line>\n      <line class=\"st2\" x1=\"0\" y1=\"1645.5\" x2=\"2000\" y2=\"490.7000122\"><\/line>\n      <line class=\"st2\" x1=\"0\" y1=\"1587.6999512\" x2=\"2000\" y2=\"433\"><\/line>\n      <line class=\"st2\" x1=\"0\" y1=\"1530\" x2=\"2000\" y2=\"375.2999878\"><\/line>\n      <line class=\"st2\" x1=\"0\" y1=\"1472.3000488\" x2=\"2000\" y2=\"317.5\"><\/line>\n      <line class=\"st2\" x1=\"0\" y1=\"1414.5\" x2=\"2000\" y2=\"259.7999878\"><\/line>\n      <line class=\"st2\" x1=\"572.5\" y1=\"1950\" x2=\"2000\" y2=\"1125.8000488\"><\/line>\n      <line class=\"st2\" x1=\"472.5\" y1=\"1950\" x2=\"2000\" y2=\"1068.0999756\"><\/line>\n      <line class=\"st2\" x1=\"372.5\" y1=\"1950\" x2=\"2000\" y2=\"1010.4000244\"><\/line>\n      <line class=\"st2\" x1=\"272.5\" y1=\"1950\" x2=\"2000\" y2=\"952.5999756\"><\/line>\n      <line class=\"st2\" x1=\"172.5\" y1=\"1950\" x2=\"2000\" y2=\"894.9000244\"><\/line>\n      <line class=\"st2\" x1=\"72.5\" y1=\"1950\" x2=\"2000\" y2=\"837.2000122\"><\/line>\n      <line class=\"st2\" x1=\"0\" y1=\"1934.0999756\" x2=\"2000\" y2=\"779.4000244\"><\/line>\n      <line class=\"st2\" x1=\"0\" y1=\"1876.4000244\" x2=\"2000\" y2=\"721.7000122\"><\/line>\n      <line class=\"st2\" x1=\"1372.5\" y1=\"1950\" x2=\"2000\" y2=\"1587.6999512\"><\/line>\n      <line class=\"st2\" x1=\"1272.5\" y1=\"1950\" x2=\"2000\" y2=\"1530\"><\/line>\n      <line class=\"st2\" x1=\"1172.5\" y1=\"1950\" x2=\"2000\" y2=\"1472.1999512\"><\/line>\n      <line class=\"st2\" x1=\"1072.5\" y1=\"1950\" x2=\"2000\" y2=\"1414.5\"><\/line>\n      <line class=\"st2\" x1=\"972.5\" y1=\"1950\" x2=\"2000\" y2=\"1356.8000488\"><\/line>\n      <line class=\"st2\" x1=\"872.5\" y1=\"1950\" x2=\"2000\" y2=\"1299\"><\/line>\n      <line class=\"st2\" x1=\"772.5\" y1=\"1950\" x2=\"2000\" y2=\"1241.3000488\"><\/line>\n      <line class=\"st2\" x1=\"672.5\" y1=\"1950\" x2=\"2000\" y2=\"1183.5999756\"><\/line>\n      <line class=\"st2\" x1=\"2000\" y1=\"1876.4000244\" x2=\"1872.5\" y2=\"1950\"><\/line>\n      <line class=\"st2\" x1=\"1772.5\" y1=\"1950\" x2=\"2000\" y2=\"1818.6999512\"><\/line>\n      <line class=\"st2\" x1=\"1672.5\" y1=\"1950\" x2=\"2000\" y2=\"1760.9000244\"><\/line>\n      <line class=\"st2\" x1=\"1572.5\" y1=\"1950\" x2=\"2000\" y2=\"1703.1999512\"><\/line>\n      <line class=\"st2\" x1=\"1472.5\" y1=\"1950\" x2=\"2000\" y2=\"1645.5\"><\/line>\n      <line class=\"st2\" x1=\"0\" y1=\"490.7999878\" x2=\"850\" y2=\"-0.0000067\"><\/line>\n      <line class=\"st2\" x1=\"0\" y1=\"433\" x2=\"750\" y2=\"-0.0000067\"><\/line>\n      <line class=\"st2\" x1=\"0\" y1=\"375.2999878\" x2=\"650\" y2=\"-0.0000067\"><\/line>\n      <line class=\"st2\" x1=\"0\" y1=\"317.5\" x2=\"550\" y2=\"-0.0000067\"><\/line>\n      <line class=\"st2\" x1=\"0\" y1=\"259.7999878\" x2=\"450\" y2=\"-0.0000067\"><\/line>\n      <line class=\"st2\" x1=\"0\" y1=\"952.5999756\" x2=\"1650\" y2=\"-0.0000067\"><\/line>\n      <line class=\"st2\" x1=\"0\" y1=\"894.9000244\" x2=\"1550\" y2=\"-0.0000067\"><\/line>\n      <line class=\"st2\" x1=\"0\" y1=\"837.2000122\" x2=\"1450\" y2=\"-0.0000067\"><\/line>\n      <line class=\"st2\" x1=\"0\" y1=\"779.4000244\" x2=\"1350\" y2=\"-0.0000067\"><\/line>\n      <line class=\"st2\" x1=\"0\" y1=\"721.7000122\" x2=\"1250\" y2=\"-0.0000067\"><\/line>\n      <line class=\"st2\" x1=\"0\" y1=\"664\" x2=\"1150\" y2=\"-0.0000067\"><\/line>\n      <line class=\"st2\" x1=\"0\" y1=\"606.2000122\" x2=\"1050\" y2=\"-0.0000067\"><\/line>\n      <line class=\"st2\" x1=\"0\" y1=\"548.5\" x2=\"950\" y2=\"-0.0000067\"><\/line>\n      <line class=\"st2\" x1=\"0\" y1=\"1356.8000488\" x2=\"2000\" y2=\"202.1000061\"><\/line>\n      <line class=\"st2\" x1=\"0\" y1=\"1299\" x2=\"2000\" y2=\"144.3000031\"><\/line>\n      <line class=\"st2\" x1=\"0\" y1=\"1241.3000488\" x2=\"2000\" y2=\"86.5999908\"><\/line>\n      <line class=\"st2\" x1=\"0\" y1=\"1183.5999756\" x2=\"2000\" y2=\"28.899992\"><\/line>\n      <line class=\"st2\" x1=\"0\" y1=\"1125.8000488\" x2=\"1950\" y2=\"-0.0000067\"><\/line>\n      <line class=\"st2\" x1=\"0\" y1=\"1068.0999756\" x2=\"1850\" y2=\"-0.0000067\"><\/line>\n      <line class=\"st2\" x1=\"0\" y1=\"1010.4000244\" x2=\"1750\" y2=\"-0.0000067\"><\/line>\n    <\/g>\n    <g class=\"st1\">\n      <line class=\"st3\" x1=\"0\" y1=\"1703.1999512\" x2=\"427.5\" y2=\"1950\"><\/line>\n      <line class=\"st3\" x1=\"0\" y1=\"1760.9000244\" x2=\"327.5\" y2=\"1950\"><\/line>\n      <line class=\"st3\" x1=\"0\" y1=\"1818.6999512\" x2=\"227.5\" y2=\"1950\"><\/line>\n      <line class=\"st3\" x1=\"0\" y1=\"1876.4000244\" x2=\"127.5\" y2=\"1950\"><\/line>\n      <line class=\"st3\" x1=\"0\" y1=\"1934.0999756\" x2=\"27.5\" y2=\"1950\"><\/line>\n      <line class=\"st3\" x1=\"0\" y1=\"1241.3000488\" x2=\"1227.5\" y2=\"1950\"><\/line>\n      <line class=\"st3\" x1=\"0\" y1=\"1299\" x2=\"1127.5\" y2=\"1950\"><\/line>\n      <line class=\"st3\" x1=\"0\" y1=\"1356.8000488\" x2=\"1027.5\" y2=\"1950\"><\/line>\n      <line class=\"st3\" x1=\"0\" y1=\"1414.5\" x2=\"927.5\" y2=\"1950\"><\/line>\n      <line class=\"st3\" x1=\"0\" y1=\"1472.1999512\" x2=\"827.5\" y2=\"1950\"><\/line>\n      <line class=\"st3\" x1=\"0\" y1=\"1530\" x2=\"727.5\" y2=\"1950\"><\/line>\n      <line class=\"st3\" x1=\"0\" y1=\"1587.6999512\" x2=\"627.5\" y2=\"1950\"><\/line>\n      <line class=\"st3\" x1=\"0\" y1=\"1645.5\" x2=\"527.5\" y2=\"1950\"><\/line>\n      <line class=\"st3\" x1=\"0\" y1=\"779.4000244\" x2=\"2000\" y2=\"1934.0999756\"><\/line>\n      <line class=\"st3\" x1=\"0\" y1=\"837.2000122\" x2=\"1927.5\" y2=\"1950\"><\/line>\n      <line class=\"st3\" x1=\"0\" y1=\"894.9000244\" x2=\"1827.5\" y2=\"1950\"><\/line>\n      <line class=\"st3\" x1=\"0\" y1=\"952.5999756\" x2=\"1727.5\" y2=\"1950\"><\/line>\n      <line class=\"st3\" x1=\"0\" y1=\"1010.4000244\" x2=\"1627.5\" y2=\"1950\"><\/line>\n      <line class=\"st3\" x1=\"0\" y1=\"1068.0999756\" x2=\"1527.5\" y2=\"1950\"><\/line>\n      <line class=\"st3\" x1=\"0\" y1=\"1125.8000488\" x2=\"1427.5\" y2=\"1950\"><\/line>\n      <line class=\"st3\" x1=\"0\" y1=\"1183.5999756\" x2=\"1327.5\" y2=\"1950\"><\/line>\n      <line class=\"st3\" x1=\"0\" y1=\"317.5\" x2=\"2000\" y2=\"1472.1999512\"><\/line>\n      <line class=\"st3\" x1=\"0\" y1=\"375.2999878\" x2=\"2000\" y2=\"1530\"><\/line>\n      <line class=\"st3\" x1=\"0\" y1=\"433\" x2=\"2000\" y2=\"1587.6999512\"><\/line>\n      <line class=\"st3\" x1=\"0\" y1=\"490.7999878\" x2=\"2000\" y2=\"1645.5\"><\/line>\n      <line class=\"st3\" x1=\"0\" y1=\"548.5\" x2=\"2000\" y2=\"1703.1999512\"><\/line>\n      <line class=\"st3\" x1=\"0\" y1=\"606.2000122\" x2=\"2000\" y2=\"1760.9000244\"><\/line>\n      <line class=\"st3\" x1=\"0\" y1=\"664\" x2=\"2000\" y2=\"1818.6999512\"><\/line>\n      <line class=\"st3\" x1=\"0\" y1=\"721.7000122\" x2=\"2000\" y2=\"1876.4000244\"><\/line>\n      <line class=\"st3\" x1=\"300\" y1=\"86.5999908\" x2=\"2000\" y2=\"1068.0999756\"><\/line>\n      <line class=\"st3\" x1=\"250\" y1=\"115.4999924\" x2=\"2000\" y2=\"1125.8000488\"><\/line>\n      <line class=\"st3\" x1=\"2000\" y1=\"1183.5999756\" x2=\"200\" y2=\"144.3000031\"><\/line>\n      <line class=\"st3\" x1=\"150\" y1=\"173.1999969\" x2=\"2000\" y2=\"1241.3000488\"><\/line>\n      <line class=\"st3\" x1=\"100\" y1=\"202.1000061\" x2=\"2000\" y2=\"1299\"><\/line>\n      <line class=\"st3\" x1=\"50\" y1=\"230.8999939\" x2=\"2000\" y2=\"1356.8000488\"><\/line>\n      <line class=\"st3\" x1=\"0\" y1=\"259.7999878\" x2=\"2000\" y2=\"1414.5\"><\/line>\n      <line class=\"st3\" x1=\"950\" y1=\"-0.0000067\" x2=\"2000\" y2=\"606.2000122\"><\/line>\n      <line class=\"st3\" x1=\"850\" y1=\"-0.0000067\" x2=\"2000\" y2=\"664\"><\/line>\n      <line class=\"st3\" x1=\"750\" y1=\"-0.0000067\" x2=\"2000\" y2=\"721.7000122\"><\/line>\n      <line class=\"st3\" x1=\"650\" y1=\"-0.0000067\" x2=\"2000\" y2=\"779.4000244\"><\/line>\n      <line class=\"st3\" x1=\"550\" y1=\"-0.0000067\" x2=\"2000\" y2=\"837.2000122\"><\/line>\n      <line class=\"st3\" x1=\"450\" y1=\"-0.0000067\" x2=\"2000\" y2=\"894.9000244\"><\/line>\n      <line class=\"st3\" x1=\"400\" y1=\"28.899992\" x2=\"2000\" y2=\"952.5999756\"><\/line>\n      <line class=\"st3\" x1=\"350\" y1=\"57.6999931\" x2=\"2000\" y2=\"1010.4000244\"><\/line>\n      <line class=\"st3\" x1=\"1750\" y1=\"-0.0000067\" x2=\"2000\" y2=\"144.3000031\"><\/line>\n      <line class=\"st3\" x1=\"1650\" y1=\"-0.0000067\" x2=\"2000\" y2=\"202.1000061\"><\/line>\n      <line class=\"st3\" x1=\"1550\" y1=\"-0.0000067\" x2=\"2000\" y2=\"259.7999878\"><\/line>\n      <line class=\"st3\" x1=\"1450\" y1=\"-0.0000067\" x2=\"2000\" y2=\"317.5\"><\/line>\n      <line class=\"st3\" x1=\"1350\" y1=\"-0.0000067\" x2=\"2000\" y2=\"375.2999878\"><\/line>\n      <line class=\"st3\" x1=\"1250\" y1=\"-0.0000067\" x2=\"2000\" y2=\"433\"><\/line>\n      <line class=\"st3\" x1=\"1150\" y1=\"-0.0000067\" x2=\"2000\" y2=\"490.7000122\"><\/line>\n      <line class=\"st3\" x1=\"1050\" y1=\"-0.0000067\" x2=\"2000\" y2=\"548.5\"><\/line>\n      <line class=\"st3\" x1=\"1850\" y1=\"-0.0000067\" x2=\"2000\" y2=\"86.5999908\"><\/line>\n      <line class=\"st3\" x1=\"1950\" y1=\"-0.0000067\" x2=\"2000\" y2=\"28.899992\"><\/line>\n    <\/g>\n  <\/svg>\n\n  <!-- Header \u2013\u00a0Video -->\n  <video class=\"header-video\" autoplay muted loop playsinline poster=\"https:\/\/lifescience-factory.com\/wp-content\/themes\/lsf\/assets\/img\/video-poster-img.jpg\" aria-hidden=\"true\"><\/video>\n  <button class=\"btn-video-toggle\" type=\"button\" aria-label=\"Pause video\" data-label-pause=\"Pause video\" data-label-play=\"Video abspielen\">\n  <svg class=\"icon-pause\" xmlns=\"<http:\/\/www.w3.org\/2000\/svg>&#8221; viewBox=&#8221;0 0 24 24&#8243; width=&#8221;20&#8243; height=&#8221;20&#8243; fill=&#8221;currentColor&#8221; aria-hidden=&#8221;true&#8221; focusable=&#8221;false&#8221;>\n    <rect x=\"6\" y=\"4\" width=\"4\" height=\"16\"><\/rect><rect x=\"14\" y=\"4\" width=\"4\" height=\"16\"><\/rect>\n  <\/svg>\n  <svg class=\"icon-play\" xmlns=\"<http:\/\/www.w3.org\/2000\/svg>&#8221; viewBox=&#8221;0 0 24 24&#8243; width=&#8221;20&#8243; height=&#8221;20&#8243; fill=&#8221;currentColor&#8221; aria-hidden=&#8221;true&#8221; focusable=&#8221;false&#8221;>\n    <polygon points=\"6,4 20,12 6,20\"><\/polygon>\n  <\/svg>\n<\/button>\n  <div class=\"logo-gradient\"><\/div>\n  <div class=\"logo-wrapper\" data-aos=\"fade-down\" data-aos-duration=\"600\">\n    <a href=\"https:\/\/lifescience-factory.com\/en\/\" class=\"logo\" aria-label=\"Life Science Factory \u2013 Home\"><\/a>\n  <\/div><!-- .logo-wrapper -->\n\n  <div class=\"nav-mobile-bg\"><\/div>\n<\/div><!-- .module-intro-background -->\n\n<div class=\"module-intro-wrapper\" id=\"content-start\">\n  <div class=\"module-intro\">\n\n    <!-- Badge -->\n    \n    \n\n    <div class=\"module-intro-text module-intro-title\">\n      <h1 class=\"intro-title\" data-aos=\"fade-up\">life science factory newsletter<\/h1>\n    <\/div><!-- .module-intro-text -->\n  <\/div><!-- .module-intro -->\n<\/div><!-- .module-intro-wrapper -->\n\n<div class=\"module-intro-content\">\n  <div class=\"module-intro-text\">\n    <div class=\"module-intro-text-inner text-p2\">\n\n      <p>Do you always want to stay up to date? Subscribe to our newsletter and be the first to receive all the news. Get insights into our daily work, learn about startups, and get the latest news from the life sciences industry.<\/p>\n<p>You&#8217;ll receive relevant information from us 2-3 times a month. #nospam<\/p>\n      \n              \n          \n              \n    <\/div><!-- .module-intro-text-inner -->\n  <\/div><!-- .module-intro-text -->\n<\/div><!-- .module-intro-content -->\n\n\n\n<div class=\"section section-bg-white module-text padding-top-8 padding-bottom-8\">\n\n\n      <div class=\"row halign-center\" data-aos=\"fade-up\">\n      <div class=\"col col-9 col-12-md margin-bottom-6\">\n        <h2 class=\"\">What to expect:<\/h2>\n      <\/div><!-- .col -->\n    <\/div><!-- .row -->\n  \n\n      <div class=\"row halign-center\" data-aos=\"fade-up\">\n\n      <div class=\"col col-7 col-8-lg col-9-md col-12-sm\">\n        \n        <ul>\n<li>&nbsp;Insights into the work of the Life Science Factory<\/li>\n<li>&nbsp;Latest news from the life sciences industry<\/li>\n<li>&nbsp;Information on upcoming events<\/li>\n<li>&nbsp;Missed an event? No problem &#8211; here you&#8217;ll get insights into past events<\/li>\n<li>&nbsp;Helpful offers from partners<\/li>\n<li>&nbsp;Exclusive offers<\/li>\n<li>&nbsp;Insights into the work of startups<\/li>\n<li>&nbsp;Help and support options for your spin-off idea<\/li>\n<\/ul>\n\n\n        \n\n                  \n            \n                  \n      <\/div><!-- .col -->\n\n    <\/div><!-- .row -->\n  \n<\/div><!-- .module-text -->\n\n\n\n\n\n\n<div class=\"section section-bg-pink module-newsletter\" id=\"module-newsletter\">\n\t<div class=\"section-inner section-inner--full padding-top-12 padding-bottom-12\">\n\n\t\t\t\t\t<form action=\"https:\/\/lifescience-factory.us20.list-manage.com\/subscribe\/post?u=f06a5124c41ae176d0298c31b&amp;id=1b288f5e6d\" method=\"post\" id=\"mc-embedded-subscribe-form\" name=\"mc-embedded-subscribe-form\" class=\"validate\" target=\"_blank\" novalidate>\n\t\t\n\t\t<div class=\"row halign-center\" data-aos=\"fade-up\">\n\n\n\t\t\t<div class=\"col col-10 col-12-md col-10-sm col-12-xxs margin-bottom-4\">\n\n\t\t\t\t\t\t\t\t\t\t\t\t\t\t\t<h2 class=\"text-h1\">Keep in touch!<\/h2>\n\t\t\t\t\t\t\t\t\t\n\t\t\t\t\t\t\t\t\t\t\t\t\t\t\t<p class=\"text-h3 margin-top-3\">As a part of our community, you will receive invitations to events and will be the first to obtain the latest updates. #nospam<\/p>\n\t\t\t\t\t\t\t\t\t\n\t\t\t<\/div><!-- .col -->\n\n\n\t\t\t<div class=\"col col-5 col-6-md col-10-sm margin-bottom-2-sm col-12-xxs\">\n\n\t\t\t\t<div class=\"form-field-container form-field-container-radio fl-container\">\n\t\t\t\t\t<label class=\"checkbox-container\">\n\t\t\t\t    <span><span><span><input type=\"checkbox\" name=\"mc-gdpr\" class=\"required\" value=\"1\" id=\"mc-gdpr\"\/><span><\/span><\/span><\/span><\/span> \n\n\t\t\t\t    \t\t\t\t\t\t\t\t\t\t\t\t\t\t\t<p class=\"text-p3\">Yes, I would like to receive marketing information from the Life Science Factory based on my personal interests and give my consent <a href=\"https:\/\/lifescience-factory.com\/en\/consent-declaration\/\" title=\"Consent declaration\" target=\"_blank\">as described in detail here<\/a>.<\/p>\n\t\t\t\t\t\t\t\t\t\t\t\t\t\n\t\t\t\t    <span class=\"checkmark\"><\/span>\n\t\t\t\t  <\/label>\n\t\t\t\t<\/div><!-- .form-field-container -->\n\n\n\t\t\t\t\n\t\t\t<\/div><!-- .col -->\n\n\n\t\t\t<div class=\"col col-5 col-6-md col-10-sm col-12-xxs\">\n\n\n\n\t\t\t\t<div class=\"mc-field-group\">\n\t\t\t\t\t<div class=\"newsletter-input-wrapper form-field-container fl-container text-h3\">\n\n\t\t\t\t\t\t\t\t\t\t\t\t\t\t\t\t\t\t\t\t\t<label class=\"form-label text-h3\" for=\"mce-EMAIL\">E-mail address<\/label>\n\t\t\t\t\t\t\t\t\t\t\t\t\t\n\t\t\t\t\t\t<input type=\"email\" value=\"\" name=\"EMAIL\" class=\"required email newsletter-input fl-input text-h3\" id=\"mce-EMAIL\" autocomplete=\"email\"\/>\n\t\t\t\t\t\t<input type=\"submit\" value=\"\u2192\" name=\"subscribe\" id=\"mc-embedded-subscribe\" class=\"newsletter-submit text-h3\"\/>\n\n\t\t\t\t\t<\/div><!-- .newsletter-input-wrapper -->\n\t\t\t\t\t\n\t\t\t\t\t<div id=\"mce-responses\">\n\t\t\t\t\t\t<div class=\"response\" id=\"mce-error-response\" style=\"display:none\"><\/div>\n\t\t\t\t\t\t<div class=\"response\" id=\"mce-success-response\" style=\"display:none\"><\/div>\n\t\t\t\t\t\t<div class=\"response\" id=\"mce-error-gdpr-response\" style=\"display:none\">\n\t\t\t\t\t\t\t\t\t\t\t\t\t\t\t\t\t\t\t\t\t\t\t\t<p class=\"text-p3\">Please give your consent to receive marketing information by ticking the checkbox.<\/p>\n\t\t\t\t\t\t\t\t\t\t\t\t\t\t\t\t\t\t\t\t\t<\/div>\n\t\t\t\t\t<\/div><!-- #mce-responses -->\n\t\t\t\t    \n\t\t\t\t  \t\t\t\t\t\t<div style=\"position: absolute; left: -5000px;\" aria-hidden=\"true\"><input type=\"text\" name=\"b_f06a5124c41ae176d0298c31b_1b288f5e6d\" tabindex=\"-1\" value=\"\"\/><\/div>\n\t\t\t\t\t\n\t\t\t\t<\/div><!-- .mc-field-group -->\n\n\n\t\t\t<\/div><!-- .col -->\n\n\n\t\t<\/div><!-- .row -->\n\t\t\n\t\t\n\t\t<script src='https:\/\/lifescience-factory.com\/wp-content\/themes\/lsf\/assets\/js\/_vendor\/mc-validate.js'><\/script>\n\t\t<script>\n\n\t\t\t(function($) {\n\t\t\t\t$( '#mc-embedded-subscribe' ).on( 'click', function() {\n\t\t\t\t\tconsole.log( $( '#mc-gdpr' )[0].checked );\n\t\t\t\t\tif ( $( '#mc-gdpr' )[0].checked == false ) {\n\t\t\t\t\t\t$( '#mce-error-gdpr-response' ).removeAttr( 'style' );\n\t\t\t\t\t} else {\n\t\t\t\t\t\t$( '#mce-error-gdpr-response' ).attr( 'style', 'display: none;' );\n\t\t\t\t\t}\n\t\t\t\t});\n\t\t\t}(jQuery));\n\n\n\t\t\t(function($) {window.fnames = new Array(); window.ftypes = new Array();fnames[0]='EMAIL';ftypes[0]='email';fnames[1]='FNAME';ftypes[1]='text';fnames[2]='LNAME';ftypes[2]='text';fnames[3]='ADDRESS';ftypes[3]='address'; \n\n\t\t\tvar getLangCode = 'en';\n\n\t\t\tif ( getLangCode == 'de' ) {\n\t\t\t\tvar lsfErrorMail      = 'Bitte gib eine g\u00fcltige E-Mail-Adresse ein.',\n\t\t\t\t    lsfErrorRequired  = 'Bitte f\u00fclle das Feld aus.',\n\t\t\t\t    lsfSuccess        = 'Fast fertig ... Um die Anmeldung abzuschlie\u00dfen, klick bitte auf den Link in der E-Mail, die wir dir gerade gesendet haben.';\n\t\t\t\t    lsfAlmostFinished = 'Fast fertig... Wir m\u00fcssen Ihre E-Mail Adresse zu best\u00e4tigen. Um die Anmeldung abzuschlie\u00dfen, klicken Sie bitte auf den Link in der E-Mail, die wir Ihnen gerade gesendet haben.';\n\n\t\t\t} else {\n\t\t\t\tvar lsfErrorMail     = 'Please enter a valid e-mail address.',\n\t\t\t\t    lsfErrorRequired = 'This field is mandatory.',\n\t\t\t\t    lsfSuccess       = 'Almost finished ... To complete the registration process, please click on the link in the e-mail we sent you.';\n\t\t\t\t    lsfAlmostFinished = 'Almost finished... We need to confirm your email address. To complete the subscription process, please click the link in the email we just sent you.';\n\t\t\t}\n\n\n\n\n\t\t\t\/\/ Success\n\t\t\tvar target = document.getElementById('mce-success-response');\n\t\t\tvar observer = new MutationObserver(function(mutations) {\n\t\t\t  mutations.forEach(function(mutation) {\n\t\t\t    if ( target.innerHTML === lsfAlmostFinished ) {\n\t\t\t      target.innerHTML = lsfSuccess;\n\t\t\t    }\n\t\t\t  });\n\t\t\t});\n\t\t\tvar config = { attributes: true, childList: true, characterData: true };\n\t\t\tobserver.observe(target, config);\n\n\t\t\t\/\/ Errors\n\t\t\t$.extend($.validator.messages, {\n\n\t\t\t  \trequired: lsfErrorRequired,\n\t\t\t\t\temail: lsfErrorMail,\n\n\t\t\t});}(jQuery));var $mcj = jQuery.noConflict(true);\n\t\t<\/script>\n\n\n\t\t<\/form>\n\n\n\t<\/div><!-- .section-inner -->\n\n\n<\/div><!-- .module-newsletter -->\n\n\n\n<div class=\"section section-bg-white module-swiper padding-top-8 padding-bottom-8\">\n  \n  <div class=\"swiper-container -no-shadow\" data-aos=\"fade-up\">\n    <div class=\"swiper-wrapper\">\n\n                         <div \n              class=\"swiper-slide swiper-lazy\" \n                            style=\"background-image: url('https:\/\/lifescience-factory.com\/wp-content\/uploads\/2025\/03\/202EA21-e1773138832349-1600x658.jpg')\"\n                            data-caption=\"\"><\/div>\n              \n    <\/div><!-- .swiper-wrapper -->\n\n    \n  <\/div><!-- .swiper-container -->\n\n<\/div><!-- .module-swiper -->","protected":false},"excerpt":{"rendered":"","protected":false},"author":2,"featured_media":0,"parent":0,"menu_order":56,"comment_status":"closed","ping_status":"closed","template":"","meta":{"_acf_changed":false,"footnotes":""},"class_list":["post-17787","page","type-page","status-publish","hentry"],"acf":[],"_links":{"self":[{"href":"https:\/\/lifescience-factory.com\/en\/wp-json\/wp\/v2\/pages\/17787","targetHints":{"allow":["GET"]}}],"collection":[{"href":"https:\/\/lifescience-factory.com\/en\/wp-json\/wp\/v2\/pages"}],"about":[{"href":"https:\/\/lifescience-factory.com\/en\/wp-json\/wp\/v2\/types\/page"}],"author":[{"embeddable":true,"href":"https:\/\/lifescience-factory.com\/en\/wp-json\/wp\/v2\/users\/2"}],"replies":[{"embeddable":true,"href":"https:\/\/lifescience-factory.com\/en\/wp-json\/wp\/v2\/comments?post=17787"}],"version-history":[{"count":4,"href":"https:\/\/lifescience-factory.com\/en\/wp-json\/wp\/v2\/pages\/17787\/revisions"}],"predecessor-version":[{"id":57478,"href":"https:\/\/lifescience-factory.com\/en\/wp-json\/wp\/v2\/pages\/17787\/revisions\/57478"}],"wp:attachment":[{"href":"https:\/\/lifescience-factory.com\/en\/wp-json\/wp\/v2\/media?parent=17787"}],"curies":[{"name":"wp","href":"https:\/\/api.w.org\/{rel}","templated":true}]}}